{"id":162607,"date":"2014-12-11T17:50:51","date_gmt":"2014-12-11T17:50:51","guid":{"rendered":"https:\/\/monodrama.sk\/about-the-festival\/"},"modified":"2025-08-11T05:56:27","modified_gmt":"2025-08-11T05:56:27","slug":"about-the-festival","status":"publish","type":"page","link":"https:\/\/monodrama.sk\/en\/about-the-festival\/","title":{"rendered":"About the Festival"},"content":{"rendered":"<div class=\"wpb-content-wrapper\"><p>[vc_row row_height_percent=&#8221;66&#8243; override_padding=&#8221;yes&#8221; h_padding=&#8221;2&#8243; top_padding=&#8221;7&#8243; bottom_padding=&#8221;7&#8243; back_color=&#8221;color-wayh&#8221; back_image=&#8221;162674&#8243; back_position=&#8221;center bottom&#8221; overlay_color=&#8221;color-jevc&#8221; overlay_alpha=&#8221;40&#8243; gutter_size=&#8221;3&#8243; column_width_percent=&#8221;100&#8243; shift_y=&#8221;0&#8243; z_index=&#8221;0&#8243; enable_top_divider=&#8221;default&#8221; top_divider=&#8221;gradient&#8221; shape_top_h_use_pixel=&#8221;true&#8221; shape_top_height_percent=&#8221;100&#8243; shape_top_color=&#8221;color-wayh&#8221; shape_top_opacity=&#8221;25&#8243; shape_top_index=&#8221;0&#8243; content_parallax=&#8221;2&#8243; row_name=&#8221;Welcome&#8221; uncode_shortcode_id=&#8221;187476&#8243; back_color_type=&#8221;uncode-palette&#8221; overlay_color_type=&#8221;uncode-palette&#8221; shape_top_color_type=&#8221;uncode-palette&#8221;][vc_column column_width_percent=&#8221;100&#8243; position_vertical=&#8221;middle&#8221; align_horizontal=&#8221;align_center&#8221; gutter_size=&#8221;3&#8243; style=&#8221;dark&#8221; overlay_alpha=&#8221;50&#8243; shift_x=&#8221;0&#8243; shift_y=&#8221;0&#8243; shift_y_down=&#8221;0&#8243; z_index=&#8221;0&#8243; medium_width=&#8221;0&#8243; mobile_width=&#8221;0&#8243; zoom_width=&#8221;0&#8243; zoom_height=&#8221;0&#8243; width=&#8221;1\/1&#8243; uncode_shortcode_id=&#8221;204191&#8243;][vc_custom_heading text_font=&#8221;font-152388&#8243; text_size=&#8221;custom&#8221; text_weight=&#8221;600&#8243; css_animation=&#8221;curtain&#8221; animation_speed=&#8221;1000&#8243; title=&#8221;&#8221; uncode_shortcode_id=&#8221;420851&#8243; heading_custom_size=&#8221;clamp(40px,6vw,75px)&#8221;]about the festival[\/vc_custom_heading][\/vc_column][\/vc_row][vc_row row_height_percent=&#8221;0&#8243; override_padding=&#8221;yes&#8221; h_padding=&#8221;2&#8243; top_padding=&#8221;5&#8243; bottom_padding=&#8221;5&#8243; overlay_alpha=&#8221;50&#8243; gutter_size=&#8221;4&#8243; column_width_percent=&#8221;100&#8243; shift_y=&#8221;0&#8243; z_index=&#8221;1&#8243; top_divider=&#8221;gradient&#8221; bottom_divider=&#8221;gradient&#8221;][vc_column column_width_percent=&#8221;100&#8243; gutter_size=&#8221;2&#8243; overlay_alpha=&#8221;50&#8243; shift_x=&#8221;0&#8243; shift_y=&#8221;0&#8243; shift_y_down=&#8221;0&#8243; z_index=&#8221;0&#8243; medium_width=&#8221;0&#8243; mobile_width=&#8221;0&#8243; width=&#8221;1\/4&#8243;][vc_custom_heading text_color=&#8221;accent&#8221; heading_semantic=&#8221;h6&#8243; text_size=&#8221;&#8221; text_transform=&#8221;uppercase&#8221; uncode_shortcode_id=&#8221;104020&#8243; text_color_type=&#8221;uncode-palette&#8221;]Alone on stage[\/vc_custom_heading][vc_custom_heading heading_semantic=&#8221;h3&#8243; text_size=&#8221;h3&#8243; text_weight=&#8221;500&#8243; text_height=&#8221;fontheight-630816&#8243; uncode_shortcode_id=&#8221;141612&#8243;]The festival, founded in Tren\u010d\u00edn in 1995, is among the oldest and most unique theatre events in Slovakia.[\/vc_custom_heading][\/vc_column][vc_column column_width_percent=&#8221;100&#8243; gutter_size=&#8221;3&#8243; font_family=&#8221;font-175345&#8243; overlay_alpha=&#8221;50&#8243; shift_x=&#8221;0&#8243; shift_y=&#8221;0&#8243; shift_y_down=&#8221;0&#8243; z_index=&#8221;0&#8243; medium_width=&#8221;0&#8243; mobile_width=&#8221;0&#8243; width=&#8221;3\/4&#8243; uncode_shortcode_id=&#8221;178187&#8243;][vc_column_text uncode_shortcode_id=&#8221;283139&#8243;]Its uniqueness lies in its focus on solo theatre \u2013 a form of stage art where a single performer carries the entire dramatic presentation. The festival provides a platform for presenting solo productions of various genres \u2013 from dramas, comedies, physical and movement theatre to multimedia performances or poetic expressions with strong acting commitment.<\/p>\n<p>During its thirty-year existence, it has presented dozens of exceptional performances from Slovakia and abroad (for example, from the Czech Republic, Hungary, Poland, Germany, or France) and has become a respected platform for independent artists. The festival has gradually established its place in the international context as well \u2013 as a unique format that purposefully develops solo acting and creates space for the exchange of experiences among artists from various countries. In addition to the performances themselves, the festival also offers an accompanying program \u2013 discussions with creators, workshops, concerts, and reflections that foster a lively dialogue between the audience and artists. It takes place annually in various venues in Tren\u010d\u00edn \u2013 from cultural centers like Klub L\u00fa\u010d to alternative and site-specific venues, such as Dru\u017eba Drama Studio.<\/p>\n<p>The S\u00e1m na javisku Festival is now firmly established not only on the domestic but also on the international theatre map as a significant event focused on contemporary solo theatre and distinctive stage expressions.[\/vc_column_text][\/vc_column][\/vc_row]<\/p>\n<\/div>","protected":false},"excerpt":{"rendered":"<p>[vc_row row_height_percent=&#8221;66&#8243; override_padding=&#8221;yes&#8221; h_padding=&#8221;2&#8243; top_padding=&#8221;7&#8243; bottom_padding=&#8221;7&#8243; back_color=&#8221;color-wayh&#8221; back_image=&#8221;162674&#8243; back_position=&#8221;center bottom&#8221; overlay_color=&#8221;color-jevc&#8221; overlay_alpha=&#8221;40&#8243; gutter_size=&#8221;3&#8243; column_width_percent=&#8221;100&#8243; shift_y=&#8221;0&#8243; z_index=&#8221;0&#8243; enable_top_divider=&#8221;default&#8221; top_divider=&#8221;gradient&#8221; shape_top_h_use_pixel=&#8221;true&#8221; shape_top_height_percent=&#8221;100&#8243; [&hellip;]<\/p>\n","protected":false},"author":1,"featured_media":0,"parent":0,"menu_order":5,"comment_status":"closed","ping_status":"closed","template":"","meta":{"footnotes":""},"class_list":["post-162607","page","type-page","status-publish","hentry"],"_links":{"self":[{"href":"https:\/\/monodrama.sk\/en\/wp-json\/wp\/v2\/pages\/162607","targetHints":{"allow":["GET"]}}],"collection":[{"href":"https:\/\/monodrama.sk\/en\/wp-json\/wp\/v2\/pages"}],"about":[{"href":"https:\/\/monodrama.sk\/en\/wp-json\/wp\/v2\/types\/page"}],"author":[{"embeddable":true,"href":"https:\/\/monodrama.sk\/en\/wp-json\/wp\/v2\/users\/1"}],"replies":[{"embeddable":true,"href":"https:\/\/monodrama.sk\/en\/wp-json\/wp\/v2\/comments?post=162607"}],"version-history":[{"count":10,"href":"https:\/\/monodrama.sk\/en\/wp-json\/wp\/v2\/pages\/162607\/revisions"}],"predecessor-version":[{"id":163390,"href":"https:\/\/monodrama.sk\/en\/wp-json\/wp\/v2\/pages\/162607\/revisions\/163390"}],"wp:attachment":[{"href":"https:\/\/monodrama.sk\/en\/wp-json\/wp\/v2\/media?parent=162607"}],"curies":[{"name":"wp","href":"https:\/\/api.w.org\/{rel}","templated":true}]}}